{"id":759,"date":"2021-08-17T19:52:46","date_gmt":"2021-08-17T22:52:46","guid":{"rendered":"http:\/\/www.drandregeriatra.com.br\/?page_id=759"},"modified":"2025-08-06T14:05:26","modified_gmt":"2025-08-06T17:05:26","slug":"consultas","status":"publish","type":"page","link":"http:\/\/www.drandregeriatra.com.br\/index.php\/consultas\/","title":{"rendered":"Consultas"},"content":{"rendered":"\t\t<div data-elementor-type=\"wp-post\" data-elementor-id=\"759\" class=\"elementor elementor-759\" data-elementor-settings=\"[]\">\n\t\t\t\t\t\t\t<div class=\"elementor-section-wrap\">\n\t\t\t\t\t\t\t<section class=\"elementor-section elementor-top-section elementor-element elementor-element-056f982 elementor-section-stretched elementor-section-full_width elementor-section-height-min-height elementor-section-height-default elementor-section-items-middle\" data-id=\"056f982\" data-element_type=\"section\" data-settings=\"{&quot;stretch_section&quot;:&quot;section-stretched&quot;,&quot;background_background&quot;:&quot;classic&quot;}\">\n\t\t\t\t\t\t<div class=\"elementor-container elementor-column-gap-default\">\n\t\t\t\t\t<div class=\"elementor-column elementor-col-100 elementor-top-column elementor-element elementor-element-2298dce\" data-id=\"2298dce\" data-element_type=\"column\">\n\t\t\t<div class=\"elementor-widget-wrap elementor-element-populated\">\n\t\t\t\t\t\t\t\t<div class=\"elementor-element elementor-element-5220a3c elementor-mobile-align-center elementor-align-center elementor-widget elementor-widget-raven-heading\" data-id=\"5220a3c\" data-element_type=\"widget\" data-widget_type=\"raven-heading.default\">\n\t\t\t\t<div class=\"elementor-widget-container\">\n\t\t\t\t\t<div class=\"raven-widget-wrapper\"><h2 class=\"raven-heading raven-heading-h2\"><span class=\"raven-heading-title\">Agende sua consulta<\/span><\/h2><\/div>\n\t\t\t\t<\/div>\n\t\t\t\t<\/div>\n\t\t\t\t\t<\/div>\n\t\t<\/div>\n\t\t\t\t\t\t\t<\/div>\n\t\t<\/section>\n\t\t\t\t<section class=\"elementor-section elementor-top-section elementor-element elementor-element-89bf2cc elementor-section-full_width elementor-section-height-default elementor-section-height-default\" data-id=\"89bf2cc\" data-element_type=\"section\" data-settings=\"{&quot;background_background&quot;:&quot;classic&quot;}\">\n\t\t\t\t\t\t<div class=\"elementor-container elementor-column-gap-default\">\n\t\t\t\t\t<div class=\"elementor-column elementor-col-25 elementor-top-column elementor-element elementor-element-3c3301a\" data-id=\"3c3301a\" data-element_type=\"column\">\n\t\t\t<div class=\"elementor-widget-wrap\">\n\t\t\t\t\t\t\t\t\t<\/div>\n\t\t<\/div>\n\t\t\t\t<div class=\"elementor-column elementor-col-25 elementor-top-column elementor-element elementor-element-c5ec5c5\" data-id=\"c5ec5c5\" data-element_type=\"column\">\n\t\t\t<div class=\"elementor-widget-wrap elementor-element-populated\">\n\t\t\t\t\t\t\t\t<div class=\"elementor-element elementor-element-110c861 elementor-widget elementor-widget-image\" data-id=\"110c861\" data-element_type=\"widget\" data-widget_type=\"image.default\">\n\t\t\t\t<div class=\"elementor-widget-container\">\n\t\t\t\t\t\t\t\t\t\t\t\t\t\t\t<img decoding=\"async\" src=\"http:\/\/www.drandregeriatra.com.br\/wp-content\/uploads\/elementor\/thumbs\/agenda-doctoralia-pbt3qt687klfmc2x7vq9swyfz062ozrw1drp0zvd12.jpg\" title=\"agenda-doctoralia\" alt=\"agenda-doctoralia\" \/>\t\t\t\t\t\t\t\t\t\t\t\t\t\t\t<\/div>\n\t\t\t\t<\/div>\n\t\t\t\t\t<\/div>\n\t\t<\/div>\n\t\t\t\t<div class=\"elementor-column elementor-col-25 elementor-top-column elementor-element elementor-element-93cdcde\" data-id=\"93cdcde\" data-element_type=\"column\">\n\t\t\t<div class=\"elementor-widget-wrap elementor-element-populated\">\n\t\t\t\t\t\t\t\t<div class=\"elementor-element elementor-element-48253b9 elementor-widget elementor-widget-image\" data-id=\"48253b9\" data-element_type=\"widget\" data-widget_type=\"image.default\">\n\t\t\t\t<div class=\"elementor-widget-container\">\n\t\t\t\t\t\t\t\t\t\t\t\t\t\t\t<img decoding=\"async\" src=\"http:\/\/www.drandregeriatra.com.br\/wp-content\/uploads\/elementor\/thumbs\/agenda-whatsapp-pbt3d2r4cpslzg13ey0iddpzibv08792temalg8fxy.jpg\" title=\"agenda-whatsapp\" alt=\"agenda-whatsapp\" \/>\t\t\t\t\t\t\t\t\t\t\t\t\t\t\t<\/div>\n\t\t\t\t<\/div>\n\t\t\t\t\t<\/div>\n\t\t<\/div>\n\t\t\t\t<div class=\"elementor-column elementor-col-25 elementor-top-column elementor-element elementor-element-1cdad43\" data-id=\"1cdad43\" data-element_type=\"column\">\n\t\t\t<div class=\"elementor-widget-wrap\">\n\t\t\t\t\t\t\t\t\t<\/div>\n\t\t<\/div>\n\t\t\t\t\t\t\t<\/div>\n\t\t<\/section>\n\t\t\t\t<section class=\"elementor-section elementor-top-section elementor-element elementor-element-8725078 elementor-section-boxed elementor-section-height-default elementor-section-height-default\" data-id=\"8725078\" data-element_type=\"section\">\n\t\t\t\t\t\t<div class=\"elementor-container elementor-column-gap-default\">\n\t\t\t\t\t<div class=\"elementor-column elementor-col-25 elementor-top-column elementor-element elementor-element-703f855\" data-id=\"703f855\" data-element_type=\"column\">\n\t\t\t<div class=\"elementor-widget-wrap\">\n\t\t\t\t\t\t\t\t\t<\/div>\n\t\t<\/div>\n\t\t\t\t<div class=\"elementor-column elementor-col-25 elementor-top-column elementor-element elementor-element-273d648\" data-id=\"273d648\" data-element_type=\"column\">\n\t\t\t<div class=\"elementor-widget-wrap elementor-element-populated\">\n\t\t\t\t\t\t\t\t<div class=\"elementor-element elementor-element-dfbfb5e elementor-widget elementor-widget-html\" data-id=\"dfbfb5e\" data-element_type=\"widget\" data-widget_type=\"html.default\">\n\t\t\t\t<div class=\"elementor-widget-container\">\n\t\t\t<a id=\"zl-url\" class=\"zl-url\" href=\"https:\/\/www.doctoralia.com.br\/andre-luis-riccetto-aielo\/medico-clinico-geral-geriatra\/jundiai\" rel=\"nofollow\" data-zlw-doctor=\"andre-luis-riccetto-aielo\" data-zlw-type=\"big_with_calendar\" data-zlw-opinion=\"false\" data-zlw-hide-branding=\"true\">Andr\u00e9 Luis Riccetto Ai\u00e9lo - Doctoralia.com.br<\/a><script>!function($_x,_s,id){var js,fjs=$_x.getElementsByTagName(_s)[0];if(!$_x.getElementById(id)){js = $_x.createElement(_s);js.id = id;js.src = \"\/\/platform.docplanner.com\/js\/widget.js\";fjs.parentNode.insertBefore(js,fjs);}}(document,\"script\",\"zl-widget-s\");<\/script>\t\t<\/div>\n\t\t\t\t<\/div>\n\t\t\t\t\t<\/div>\n\t\t<\/div>\n\t\t\t\t<div class=\"elementor-column elementor-col-25 elementor-top-column elementor-element elementor-element-6da9d87\" data-id=\"6da9d87\" data-element_type=\"column\">\n\t\t\t<div class=\"elementor-widget-wrap elementor-element-populated\">\n\t\t\t\t\t\t\t\t<div class=\"elementor-element elementor-element-cc7612e elementor-align-center elementor-mobile-align-center elementor-widget elementor-widget-raven-button\" data-id=\"cc7612e\" data-element_type=\"widget\" data-widget_type=\"raven-button.default\">\n\t\t\t\t<div class=\"elementor-widget-container\">\n\t\t\t\t\t<div class=\"raven-widget-wrapper\">\n\t\t\t<a class=\"raven-button raven-button-link\" href=\"http:\/\/wa.me\/5511974944749\" target=\"_blank\">\n\t\t\t\t<span class=\"raven-button-content\">\n\t\t\t\t\t\t\t\t\t\t\t<span class=\"raven-button-align-icon-left raven-button-tablet-align-icon- raven-button-mobile-align-icon- raven-button-icon\">\n\t\t\t\t\t\t<i aria-hidden=\"true\" class=\"fab fa-whatsapp\"><\/i>\t\t\t\t\t\t<\/span>\n\t\t\t\t\t\t\t\t\t\t<span class=\"raven-button-text\">\n\t\t\t\t\t\t1197494-4749\t\t\t\t\t\t\t\t\t\t\t<\/span>\n\t\t\t\t<\/span>\n\t\t\t<\/a>\n\t\t<\/div>\n\t\t\t\t<\/div>\n\t\t\t\t<\/div>\n\t\t\t\t\t<\/div>\n\t\t<\/div>\n\t\t\t\t<div class=\"elementor-column elementor-col-25 elementor-top-column elementor-element elementor-element-8e1b70d\" data-id=\"8e1b70d\" data-element_type=\"column\">\n\t\t\t<div class=\"elementor-widget-wrap\">\n\t\t\t\t\t\t\t\t\t<\/div>\n\t\t<\/div>\n\t\t\t\t\t\t\t<\/div>\n\t\t<\/section>\n\t\t\t\t<section class=\"elementor-section elementor-top-section elementor-element elementor-element-0ff2727 elementor-section-stretched elementor-section-boxed elementor-section-height-default elementor-section-height-default\" data-id=\"0ff2727\" data-element_type=\"section\" data-settings=\"{&quot;stretch_section&quot;:&quot;section-stretched&quot;}\">\n\t\t\t\t\t\t<div class=\"elementor-container elementor-column-gap-default\">\n\t\t\t\t\t<div class=\"elementor-column elementor-col-100 elementor-top-column elementor-element elementor-element-9a89abb\" data-id=\"9a89abb\" data-element_type=\"column\">\n\t\t\t<div class=\"elementor-widget-wrap elementor-element-populated\">\n\t\t\t\t\t\t\t\t<div class=\"elementor-element elementor-element-6633128 elementor-mobile-align-left elementor-align-left elementor-widget elementor-widget-raven-heading\" data-id=\"6633128\" data-element_type=\"widget\" data-widget_type=\"raven-heading.default\">\n\t\t\t\t<div class=\"elementor-widget-container\">\n\t\t\t\t\t<div class=\"raven-widget-wrapper\"><h3 class=\"raven-heading raven-heading-h3\"><span class=\"raven-heading-title\">Conv\u00eanios atendidos<\/span><\/h3><\/div>\n\t\t\t\t<\/div>\n\t\t\t\t<\/div>\n\t\t\t\t<div class=\"elementor-element elementor-element-8fc4510 elementor-widget elementor-widget-image-gallery\" data-id=\"8fc4510\" data-element_type=\"widget\" data-widget_type=\"image-gallery.default\">\n\t\t\t\t<div class=\"elementor-widget-container\">\n\t\t\t\t\t<div class=\"elementor-image-gallery\">\n\t\t\t<div id='gallery-1' class='gallery galleryid-759 gallery-columns-8 gallery-size-thumbnail'><figure class='gallery-item'>\n\t\t\t<div class='gallery-icon landscape'>\n\t\t\t\t<a data-elementor-open-lightbox=\"no\" href='http:\/\/www.drandregeriatra.com.br\/wp-content\/uploads\/2021\/08\/allianz_saude.jpg'><img loading=\"lazy\" decoding=\"async\" width=\"150\" height=\"150\" src=\"http:\/\/www.drandregeriatra.com.br\/wp-content\/uploads\/2021\/08\/allianz_saude-150x150.jpg\" class=\"attachment-thumbnail size-thumbnail\" alt=\"\" srcset=\"http:\/\/www.drandregeriatra.com.br\/wp-content\/uploads\/2021\/08\/allianz_saude-150x150.jpg 150w, http:\/\/www.drandregeriatra.com.br\/wp-content\/uploads\/2021\/08\/allianz_saude.jpg 248w\" sizes=\"auto, (max-width: 150px) 100vw, 150px\" \/><\/a>\n\t\t\t<\/div><\/figure><figure class='gallery-item'>\n\t\t\t<div class='gallery-icon landscape'>\n\t\t\t\t<a data-elementor-open-lightbox=\"no\" href='http:\/\/www.drandregeriatra.com.br\/wp-content\/uploads\/2021\/08\/amil.jpg'><img loading=\"lazy\" decoding=\"async\" width=\"150\" height=\"150\" src=\"http:\/\/www.drandregeriatra.com.br\/wp-content\/uploads\/2021\/08\/amil-150x150.jpg\" class=\"attachment-thumbnail size-thumbnail\" alt=\"\" srcset=\"http:\/\/www.drandregeriatra.com.br\/wp-content\/uploads\/2021\/08\/amil-150x150.jpg 150w, http:\/\/www.drandregeriatra.com.br\/wp-content\/uploads\/2021\/08\/amil.jpg 248w\" sizes=\"auto, (max-width: 150px) 100vw, 150px\" \/><\/a>\n\t\t\t<\/div><\/figure><figure class='gallery-item'>\n\t\t\t<div class='gallery-icon landscape'>\n\t\t\t\t<a data-elementor-open-lightbox=\"no\" href='http:\/\/www.drandregeriatra.com.br\/wp-content\/uploads\/2021\/08\/bradesco_saude.jpg'><img loading=\"lazy\" decoding=\"async\" width=\"150\" height=\"150\" src=\"http:\/\/www.drandregeriatra.com.br\/wp-content\/uploads\/2021\/08\/bradesco_saude-150x150.jpg\" class=\"attachment-thumbnail size-thumbnail\" alt=\"\" srcset=\"http:\/\/www.drandregeriatra.com.br\/wp-content\/uploads\/2021\/08\/bradesco_saude-150x150.jpg 150w, http:\/\/www.drandregeriatra.com.br\/wp-content\/uploads\/2021\/08\/bradesco_saude.jpg 248w\" sizes=\"auto, (max-width: 150px) 100vw, 150px\" \/><\/a>\n\t\t\t<\/div><\/figure><figure class='gallery-item'>\n\t\t\t<div class='gallery-icon landscape'>\n\t\t\t\t<a data-elementor-open-lightbox=\"no\" href='http:\/\/www.drandregeriatra.com.br\/wp-content\/uploads\/2021\/08\/cabes.jpg'><img loading=\"lazy\" decoding=\"async\" width=\"150\" height=\"150\" src=\"http:\/\/www.drandregeriatra.com.br\/wp-content\/uploads\/2021\/08\/cabes-150x150.jpg\" class=\"attachment-thumbnail size-thumbnail\" alt=\"\" srcset=\"http:\/\/www.drandregeriatra.com.br\/wp-content\/uploads\/2021\/08\/cabes-150x150.jpg 150w, http:\/\/www.drandregeriatra.com.br\/wp-content\/uploads\/2021\/08\/cabes.jpg 248w\" sizes=\"auto, (max-width: 150px) 100vw, 150px\" \/><\/a>\n\t\t\t<\/div><\/figure><figure class='gallery-item'>\n\t\t\t<div class='gallery-icon landscape'>\n\t\t\t\t<a data-elementor-open-lightbox=\"no\" href='http:\/\/www.drandregeriatra.com.br\/wp-content\/uploads\/2021\/08\/cassi.jpg'><img loading=\"lazy\" decoding=\"async\" width=\"150\" height=\"150\" src=\"http:\/\/www.drandregeriatra.com.br\/wp-content\/uploads\/2021\/08\/cassi-150x150.jpg\" class=\"attachment-thumbnail size-thumbnail\" alt=\"\" srcset=\"http:\/\/www.drandregeriatra.com.br\/wp-content\/uploads\/2021\/08\/cassi-150x150.jpg 150w, http:\/\/www.drandregeriatra.com.br\/wp-content\/uploads\/2021\/08\/cassi.jpg 248w\" sizes=\"auto, (max-width: 150px) 100vw, 150px\" \/><\/a>\n\t\t\t<\/div><\/figure><figure class='gallery-item'>\n\t\t\t<div class='gallery-icon landscape'>\n\t\t\t\t<a data-elementor-open-lightbox=\"no\" href='http:\/\/www.drandregeriatra.com.br\/wp-content\/uploads\/2021\/08\/concard.jpg'><img loading=\"lazy\" decoding=\"async\" width=\"150\" height=\"150\" src=\"http:\/\/www.drandregeriatra.com.br\/wp-content\/uploads\/2021\/08\/concard-150x150.jpg\" class=\"attachment-thumbnail size-thumbnail\" alt=\"\" srcset=\"http:\/\/www.drandregeriatra.com.br\/wp-content\/uploads\/2021\/08\/concard-150x150.jpg 150w, http:\/\/www.drandregeriatra.com.br\/wp-content\/uploads\/2021\/08\/concard.jpg 248w\" sizes=\"auto, (max-width: 150px) 100vw, 150px\" \/><\/a>\n\t\t\t<\/div><\/figure><figure class='gallery-item'>\n\t\t\t<div class='gallery-icon landscape'>\n\t\t\t\t<a data-elementor-open-lightbox=\"no\" href='http:\/\/www.drandregeriatra.com.br\/wp-content\/uploads\/2021\/08\/danamed.jpg'><img loading=\"lazy\" decoding=\"async\" width=\"150\" height=\"150\" src=\"http:\/\/www.drandregeriatra.com.br\/wp-content\/uploads\/2021\/08\/danamed-150x150.jpg\" class=\"attachment-thumbnail size-thumbnail\" alt=\"\" srcset=\"http:\/\/www.drandregeriatra.com.br\/wp-content\/uploads\/2021\/08\/danamed-150x150.jpg 150w, http:\/\/www.drandregeriatra.com.br\/wp-content\/uploads\/2021\/08\/danamed.jpg 248w\" sizes=\"auto, (max-width: 150px) 100vw, 150px\" \/><\/a>\n\t\t\t<\/div><\/figure><figure class='gallery-item'>\n\t\t\t<div class='gallery-icon landscape'>\n\t\t\t\t<a data-elementor-open-lightbox=\"no\" href='http:\/\/www.drandregeriatra.com.br\/wp-content\/uploads\/2021\/08\/funcesp.jpg'><img loading=\"lazy\" decoding=\"async\" width=\"150\" height=\"150\" src=\"http:\/\/www.drandregeriatra.com.br\/wp-content\/uploads\/2021\/08\/funcesp-150x150.jpg\" class=\"attachment-thumbnail size-thumbnail\" alt=\"\" srcset=\"http:\/\/www.drandregeriatra.com.br\/wp-content\/uploads\/2021\/08\/funcesp-150x150.jpg 150w, http:\/\/www.drandregeriatra.com.br\/wp-content\/uploads\/2021\/08\/funcesp.jpg 248w\" sizes=\"auto, (max-width: 150px) 100vw, 150px\" \/><\/a>\n\t\t\t<\/div><\/figure><figure class='gallery-item'>\n\t\t\t<div class='gallery-icon landscape'>\n\t\t\t\t<a data-elementor-open-lightbox=\"no\" href='http:\/\/www.drandregeriatra.com.br\/wp-content\/uploads\/2021\/08\/geap.jpg'><img loading=\"lazy\" decoding=\"async\" width=\"150\" height=\"150\" src=\"http:\/\/www.drandregeriatra.com.br\/wp-content\/uploads\/2021\/08\/geap-150x150.jpg\" class=\"attachment-thumbnail size-thumbnail\" alt=\"\" srcset=\"http:\/\/www.drandregeriatra.com.br\/wp-content\/uploads\/2021\/08\/geap-150x150.jpg 150w, http:\/\/www.drandregeriatra.com.br\/wp-content\/uploads\/2021\/08\/geap.jpg 248w\" sizes=\"auto, (max-width: 150px) 100vw, 150px\" \/><\/a>\n\t\t\t<\/div><\/figure><figure class='gallery-item'>\n\t\t\t<div class='gallery-icon landscape'>\n\t\t\t\t<a data-elementor-open-lightbox=\"no\" href='http:\/\/www.drandregeriatra.com.br\/wp-content\/uploads\/2021\/08\/gocare.jpg'><img loading=\"lazy\" decoding=\"async\" width=\"150\" height=\"150\" src=\"http:\/\/www.drandregeriatra.com.br\/wp-content\/uploads\/2021\/08\/gocare-150x150.jpg\" class=\"attachment-thumbnail size-thumbnail\" alt=\"\" srcset=\"http:\/\/www.drandregeriatra.com.br\/wp-content\/uploads\/2021\/08\/gocare-150x150.jpg 150w, http:\/\/www.drandregeriatra.com.br\/wp-content\/uploads\/2021\/08\/gocare.jpg 248w\" sizes=\"auto, (max-width: 150px) 100vw, 150px\" \/><\/a>\n\t\t\t<\/div><\/figure><figure class='gallery-item'>\n\t\t\t<div class='gallery-icon landscape'>\n\t\t\t\t<a data-elementor-open-lightbox=\"no\" href='http:\/\/www.drandregeriatra.com.br\/wp-content\/uploads\/2021\/08\/mediservice.jpg'><img loading=\"lazy\" decoding=\"async\" width=\"150\" height=\"150\" src=\"http:\/\/www.drandregeriatra.com.br\/wp-content\/uploads\/2021\/08\/mediservice-150x150.jpg\" class=\"attachment-thumbnail size-thumbnail\" alt=\"\" srcset=\"http:\/\/www.drandregeriatra.com.br\/wp-content\/uploads\/2021\/08\/mediservice-150x150.jpg 150w, http:\/\/www.drandregeriatra.com.br\/wp-content\/uploads\/2021\/08\/mediservice.jpg 248w\" sizes=\"auto, (max-width: 150px) 100vw, 150px\" \/><\/a>\n\t\t\t<\/div><\/figure><figure class='gallery-item'>\n\t\t\t<div class='gallery-icon landscape'>\n\t\t\t\t<a data-elementor-open-lightbox=\"no\" href='http:\/\/www.drandregeriatra.com.br\/wp-content\/uploads\/2021\/08\/porto_seguro.jpg'><img loading=\"lazy\" decoding=\"async\" width=\"150\" height=\"150\" src=\"http:\/\/www.drandregeriatra.com.br\/wp-content\/uploads\/2021\/08\/porto_seguro-150x150.jpg\" class=\"attachment-thumbnail size-thumbnail\" alt=\"\" srcset=\"http:\/\/www.drandregeriatra.com.br\/wp-content\/uploads\/2021\/08\/porto_seguro-150x150.jpg 150w, http:\/\/www.drandregeriatra.com.br\/wp-content\/uploads\/2021\/08\/porto_seguro.jpg 248w\" sizes=\"auto, (max-width: 150px) 100vw, 150px\" \/><\/a>\n\t\t\t<\/div><\/figure><figure class='gallery-item'>\n\t\t\t<div class='gallery-icon landscape'>\n\t\t\t\t<a data-elementor-open-lightbox=\"no\" href='http:\/\/www.drandregeriatra.com.br\/wp-content\/uploads\/2021\/08\/sompo.jpg'><img loading=\"lazy\" decoding=\"async\" width=\"150\" height=\"150\" src=\"http:\/\/www.drandregeriatra.com.br\/wp-content\/uploads\/2021\/08\/sompo-150x150.jpg\" class=\"attachment-thumbnail size-thumbnail\" alt=\"\" srcset=\"http:\/\/www.drandregeriatra.com.br\/wp-content\/uploads\/2021\/08\/sompo-150x150.jpg 150w, http:\/\/www.drandregeriatra.com.br\/wp-content\/uploads\/2021\/08\/sompo.jpg 248w\" sizes=\"auto, (max-width: 150px) 100vw, 150px\" \/><\/a>\n\t\t\t<\/div><\/figure><figure class='gallery-item'>\n\t\t\t<div class='gallery-icon landscape'>\n\t\t\t\t<a data-elementor-open-lightbox=\"no\" href='http:\/\/www.drandregeriatra.com.br\/wp-content\/uploads\/2021\/08\/sulamerica.jpg'><img loading=\"lazy\" decoding=\"async\" width=\"150\" height=\"150\" src=\"http:\/\/www.drandregeriatra.com.br\/wp-content\/uploads\/2021\/08\/sulamerica-150x150.jpg\" class=\"attachment-thumbnail size-thumbnail\" alt=\"\" srcset=\"http:\/\/www.drandregeriatra.com.br\/wp-content\/uploads\/2021\/08\/sulamerica-150x150.jpg 150w, http:\/\/www.drandregeriatra.com.br\/wp-content\/uploads\/2021\/08\/sulamerica.jpg 248w\" sizes=\"auto, (max-width: 150px) 100vw, 150px\" \/><\/a>\n\t\t\t<\/div><\/figure><figure class='gallery-item'>\n\t\t\t<div class='gallery-icon landscape'>\n\t\t\t\t<a data-elementor-open-lightbox=\"no\" href='http:\/\/www.drandregeriatra.com.br\/wp-content\/uploads\/2021\/08\/unimed_nacional.jpg'><img loading=\"lazy\" decoding=\"async\" width=\"150\" height=\"150\" src=\"http:\/\/www.drandregeriatra.com.br\/wp-content\/uploads\/2021\/08\/unimed_nacional-150x150.jpg\" class=\"attachment-thumbnail size-thumbnail\" alt=\"\" srcset=\"http:\/\/www.drandregeriatra.com.br\/wp-content\/uploads\/2021\/08\/unimed_nacional-150x150.jpg 150w, http:\/\/www.drandregeriatra.com.br\/wp-content\/uploads\/2021\/08\/unimed_nacional.jpg 248w\" sizes=\"auto, (max-width: 150px) 100vw, 150px\" \/><\/a>\n\t\t\t<\/div><\/figure>\n\t\t<\/div>\n\t\t<\/div>\n\t\t\t\t<\/div>\n\t\t\t\t<\/div>\n\t\t\t\t\t<\/div>\n\t\t<\/div>\n\t\t\t\t\t\t\t<\/div>\n\t\t<\/section>\n\t\t\t\t\t\t<\/div>\n\t\t\t\t\t<\/div>\n\t\t","protected":false},"excerpt":{"rendered":"<p>Agende sua consulta Andr\u00e9 Luis Riccetto Ai\u00e9lo &#8211; Doctoralia.com.br 1197494-4749 Conv\u00eanios atendidos<\/p>\n","protected":false},"author":1,"featured_media":0,"parent":0,"menu_order":0,"comment_status":"closed","ping_status":"closed","template":"","meta":{"footnotes":""},"class_list":["post-759","page","type-page","status-publish","hentry"],"_links":{"self":[{"href":"http:\/\/www.drandregeriatra.com.br\/index.php\/wp-json\/wp\/v2\/pages\/759","targetHints":{"allow":["GET"]}}],"collection":[{"href":"http:\/\/www.drandregeriatra.com.br\/index.php\/wp-json\/wp\/v2\/pages"}],"about":[{"href":"http:\/\/www.drandregeriatra.com.br\/index.php\/wp-json\/wp\/v2\/types\/page"}],"author":[{"embeddable":true,"href":"http:\/\/www.drandregeriatra.com.br\/index.php\/wp-json\/wp\/v2\/users\/1"}],"replies":[{"embeddable":true,"href":"http:\/\/www.drandregeriatra.com.br\/index.php\/wp-json\/wp\/v2\/comments?post=759"}],"version-history":[{"count":27,"href":"http:\/\/www.drandregeriatra.com.br\/index.php\/wp-json\/wp\/v2\/pages\/759\/revisions"}],"predecessor-version":[{"id":935,"href":"http:\/\/www.drandregeriatra.com.br\/index.php\/wp-json\/wp\/v2\/pages\/759\/revisions\/935"}],"wp:attachment":[{"href":"http:\/\/www.drandregeriatra.com.br\/index.php\/wp-json\/wp\/v2\/media?parent=759"}],"curies":[{"name":"wp","href":"https:\/\/api.w.org\/{rel}","templated":true}]}}