{"id":24,"date":"2019-08-17T16:45:28","date_gmt":"2019-08-17T16:45:28","guid":{"rendered":"https:\/\/jupiterx.artbees.net\/psychologist\/?page_id=24"},"modified":"2021-08-17T20:02:54","modified_gmt":"2021-08-17T23:02:54","slug":"blog","status":"publish","type":"page","link":"http:\/\/www.drandregeriatra.com.br\/index.php\/blog\/","title":{"rendered":"Artigos"},"content":{"rendered":"\t\t<div data-elementor-type=\"wp-post\" data-elementor-id=\"24\" class=\"elementor elementor-24\" data-elementor-settings=\"[]\">\n\t\t\t\t\t\t\t<div class=\"elementor-section-wrap\">\n\t\t\t\t\t\t\t<section class=\"elementor-section elementor-top-section elementor-element elementor-element-97d7150 elementor-section-stretched elementor-section-boxed elementor-section-height-default elementor-section-height-default\" data-id=\"97d7150\" data-element_type=\"section\" data-settings=\"{&quot;stretch_section&quot;:&quot;section-stretched&quot;}\">\n\t\t\t\t\t\t<div class=\"elementor-container elementor-column-gap-default\">\n\t\t\t\t\t<div class=\"elementor-column elementor-col-50 elementor-top-column elementor-element elementor-element-252fc91\" data-id=\"252fc91\" data-element_type=\"column\">\n\t\t\t<div class=\"elementor-widget-wrap elementor-element-populated\">\n\t\t\t\t\t\t\t\t<div class=\"elementor-element elementor-element-a087702 elementor-widget elementor-widget-raven-posts\" data-id=\"a087702\" data-element_type=\"widget\" data-settings=\"{&quot;classic_columns&quot;:&quot;1&quot;,&quot;query_posts_per_page&quot;:&quot;3&quot;,&quot;classic_show_pagination&quot;:&quot;yes&quot;,&quot;classic_pagination_type&quot;:&quot;load_more&quot;,&quot;_skin&quot;:&quot;classic&quot;,&quot;classic_layout&quot;:&quot;grid&quot;,&quot;classic_columns_tablet&quot;:&quot;2&quot;,&quot;classic_columns_mobile&quot;:&quot;1&quot;,&quot;query_offset&quot;:0}\" data-widget_type=\"raven-posts.classic\">\n\t\t\t\t<div class=\"elementor-widget-container\">\n\t\t\t\t\t<div class=\"raven-posts raven-grid raven-grid-1 raven-grid-tablet-2 raven-grid-mobile-1\" data-post-id=\"24\" data-archive-query=\"\">\n\t\t\t\t<div class=\"raven-grid-item raven-post-item post-901 post type-post status-publish format-standard has-post-thumbnail hentry category-blog\">\n\t\t\t<div class=\"raven-post raven-post-inline raven-post-inline-left\">\n\t\t\t\t\t\t<div class=\"raven-post-image-wrap\">\n\t\t\t<a class=\"raven-post-image raven-image-fit\" href=\"http:\/\/www.drandregeriatra.com.br\/index.php\/2021\/08\/18\/como-diagnosticar-diabetes\/\"><img loading=\"lazy\" decoding=\"async\" width=\"300\" height=\"300\" src=\"http:\/\/www.drandregeriatra.com.br\/wp-content\/uploads\/2021\/08\/4435922-300x300.jpg\" class=\"attachment-medium size-medium\" alt=\"\" srcset=\"http:\/\/www.drandregeriatra.com.br\/wp-content\/uploads\/2021\/08\/4435922-300x300.jpg 300w, http:\/\/www.drandregeriatra.com.br\/wp-content\/uploads\/2021\/08\/4435922-1024x1024.jpg 1024w, http:\/\/www.drandregeriatra.com.br\/wp-content\/uploads\/2021\/08\/4435922-150x150.jpg 150w, http:\/\/www.drandregeriatra.com.br\/wp-content\/uploads\/2021\/08\/4435922-768x768.jpg 768w, http:\/\/www.drandregeriatra.com.br\/wp-content\/uploads\/2021\/08\/4435922-1536x1536.jpg 1536w, http:\/\/www.drandregeriatra.com.br\/wp-content\/uploads\/2021\/08\/4435922-500x500.jpg 500w, http:\/\/www.drandregeriatra.com.br\/wp-content\/uploads\/2021\/08\/4435922.jpg 2000w\" sizes=\"auto, (max-width: 300px) 100vw, 300px\" \/> <span class=\"raven-post-image-overlay\"><\/span><\/a>\t\t<\/div>\n\t\t\t\t\t\t<div class=\"raven-post-content\">\n\t\t\t\t\t<h3 class=\"raven-post-title\"><a class=\"raven-post-title-link\" href=\"http:\/\/www.drandregeriatra.com.br\/index.php\/2021\/08\/18\/como-diagnosticar-diabetes\/\">Como diagnosticar Diabetes?<\/a><\/h3>\t\t\t\t<\/div>\n\t\t\t<\/div>\n\t\t<\/div>\n\t\t\t\t<div class=\"raven-grid-item raven-post-item post-896 post type-post status-publish format-standard has-post-thumbnail hentry category-blog\">\n\t\t\t<div class=\"raven-post raven-post-inline raven-post-inline-left\">\n\t\t\t\t\t\t<div class=\"raven-post-image-wrap\">\n\t\t\t<a class=\"raven-post-image raven-image-fit\" href=\"http:\/\/www.drandregeriatra.com.br\/index.php\/2021\/08\/18\/sintomas-acidente-vascular-cerebral-avc\/\"><img loading=\"lazy\" decoding=\"async\" width=\"300\" height=\"300\" src=\"http:\/\/www.drandregeriatra.com.br\/wp-content\/uploads\/2021\/08\/10610-300x300.jpg\" class=\"attachment-medium size-medium\" alt=\"\" srcset=\"http:\/\/www.drandregeriatra.com.br\/wp-content\/uploads\/2021\/08\/10610-300x300.jpg 300w, http:\/\/www.drandregeriatra.com.br\/wp-content\/uploads\/2021\/08\/10610-1024x1024.jpg 1024w, http:\/\/www.drandregeriatra.com.br\/wp-content\/uploads\/2021\/08\/10610-150x150.jpg 150w, http:\/\/www.drandregeriatra.com.br\/wp-content\/uploads\/2021\/08\/10610-768x768.jpg 768w, http:\/\/www.drandregeriatra.com.br\/wp-content\/uploads\/2021\/08\/10610-1536x1536.jpg 1536w, http:\/\/www.drandregeriatra.com.br\/wp-content\/uploads\/2021\/08\/10610-500x500.jpg 500w, http:\/\/www.drandregeriatra.com.br\/wp-content\/uploads\/2021\/08\/10610.jpg 2000w\" sizes=\"auto, (max-width: 300px) 100vw, 300px\" \/> <span class=\"raven-post-image-overlay\"><\/span><\/a>\t\t<\/div>\n\t\t\t\t\t\t<div class=\"raven-post-content\">\n\t\t\t\t\t<h3 class=\"raven-post-title\"><a class=\"raven-post-title-link\" href=\"http:\/\/www.drandregeriatra.com.br\/index.php\/2021\/08\/18\/sintomas-acidente-vascular-cerebral-avc\/\">Sintomas Acidente Vascular Cerebral (AVC)<\/a><\/h3>\t\t\t\t<\/div>\n\t\t\t<\/div>\n\t\t<\/div>\n\t\t\t\t<div class=\"raven-grid-item raven-post-item post-891 post type-post status-publish format-standard has-post-thumbnail hentry category-blog\">\n\t\t\t<div class=\"raven-post raven-post-inline raven-post-inline-left\">\n\t\t\t\t\t\t<div class=\"raven-post-image-wrap\">\n\t\t\t<a class=\"raven-post-image raven-image-fit\" href=\"http:\/\/www.drandregeriatra.com.br\/index.php\/2021\/08\/18\/caimbras-no-idoso-como-evitar\/\"><img loading=\"lazy\" decoding=\"async\" width=\"300\" height=\"300\" src=\"http:\/\/www.drandregeriatra.com.br\/wp-content\/uploads\/2021\/08\/freepik1-300x300.jpg\" class=\"attachment-medium size-medium\" alt=\"\" srcset=\"http:\/\/www.drandregeriatra.com.br\/wp-content\/uploads\/2021\/08\/freepik1-300x300.jpg 300w, http:\/\/www.drandregeriatra.com.br\/wp-content\/uploads\/2021\/08\/freepik1-1024x1024.jpg 1024w, http:\/\/www.drandregeriatra.com.br\/wp-content\/uploads\/2021\/08\/freepik1-150x150.jpg 150w, http:\/\/www.drandregeriatra.com.br\/wp-content\/uploads\/2021\/08\/freepik1-768x768.jpg 768w, http:\/\/www.drandregeriatra.com.br\/wp-content\/uploads\/2021\/08\/freepik1-1536x1536.jpg 1536w, http:\/\/www.drandregeriatra.com.br\/wp-content\/uploads\/2021\/08\/freepik1-500x500.jpg 500w, http:\/\/www.drandregeriatra.com.br\/wp-content\/uploads\/2021\/08\/freepik1.jpg 2000w\" sizes=\"auto, (max-width: 300px) 100vw, 300px\" \/> <span class=\"raven-post-image-overlay\"><\/span><\/a>\t\t<\/div>\n\t\t\t\t\t\t<div class=\"raven-post-content\">\n\t\t\t\t\t<h3 class=\"raven-post-title\"><a class=\"raven-post-title-link\" href=\"http:\/\/www.drandregeriatra.com.br\/index.php\/2021\/08\/18\/caimbras-no-idoso-como-evitar\/\">C\u00e2imbras no idoso: como evitar?<\/a><\/h3>\t\t\t\t<\/div>\n\t\t\t<\/div>\n\t\t<\/div>\n\t\t\t\t<\/div>\n\t\t\t\t<div class=\"raven-load-more\" data-settings=\"{&quot;maxNumPages&quot;:5}\">\n\t\t\t<a class=\"raven-load-more-button\" href=\"#\"><span class=\"raven-post-button-text\">Carregue mais<\/span><\/a>\n\t\t<\/div>\n\t\t\t\t<\/div>\n\t\t\t\t<\/div>\n\t\t\t\t\t<\/div>\n\t\t<\/div>\n\t\t\t\t<div class=\"elementor-column elementor-col-50 elementor-top-column elementor-element elementor-element-062f91b\" data-id=\"062f91b\" data-element_type=\"column\">\n\t\t\t<div class=\"elementor-widget-wrap elementor-element-populated\">\n\t\t\t\t\t\t\t\t<section class=\"elementor-section elementor-inner-section elementor-element elementor-element-a13234a elementor-section-boxed elementor-section-height-default elementor-section-height-default\" data-id=\"a13234a\" data-element_type=\"section\">\n\t\t\t\t\t\t<div class=\"elementor-container elementor-column-gap-no\">\n\t\t\t\t\t\t\t\t<\/div>\n\t\t<\/section>\n\t\t\t\t<section class=\"elementor-section elementor-inner-section elementor-element elementor-element-bdfece5 elementor-section-boxed elementor-section-height-default elementor-section-height-default\" data-id=\"bdfece5\" data-element_type=\"section\">\n\t\t\t\t\t\t<div class=\"elementor-container elementor-column-gap-no\">\n\t\t\t\t\t<div class=\"elementor-column elementor-col-100 elementor-inner-column elementor-element elementor-element-8090d5d\" data-id=\"8090d5d\" data-element_type=\"column\" data-settings=\"{&quot;background_background&quot;:&quot;classic&quot;}\">\n\t\t\t<div class=\"elementor-widget-wrap elementor-element-populated\">\n\t\t\t\t\t\t\t\t<div class=\"elementor-element elementor-element-6cfc20a elementor-mobile-align-center elementor-align-left elementor-widget elementor-widget-raven-heading\" data-id=\"6cfc20a\" data-element_type=\"widget\" data-widget_type=\"raven-heading.default\">\n\t\t\t\t<div class=\"elementor-widget-container\">\n\t\t\t\t\t<div class=\"raven-widget-wrapper\"><h2 class=\"raven-heading raven-heading-h2\"><span class=\"raven-heading-title\">Inscreva-se<\/span><\/h2><\/div>\n\t\t\t\t<\/div>\n\t\t\t\t<\/div>\n\t\t\t\t<div class=\"elementor-element elementor-element-6914d10 elementor-widget elementor-widget-text-editor\" data-id=\"6914d10\" data-element_type=\"widget\" data-widget_type=\"text-editor.default\">\n\t\t\t\t<div class=\"elementor-widget-container\">\n\t\t\t\t\t\t\t\t<p>Receba nossas novidades por e-mail.<\/p>\t\t\t\t\t\t<\/div>\n\t\t\t\t<\/div>\n\t\t\t\t<div class=\"elementor-element elementor-element-ba92cf7 raven-mobile-form-button-align-center elementor-widget elementor-widget-raven-form\" data-id=\"ba92cf7\" data-element_type=\"widget\" data-settings=\"{&quot;fields&quot;:[{&quot;label&quot;:&quot;E-mail&quot;,&quot;type&quot;:&quot;email&quot;,&quot;placeholder&quot;:&quot;E-mail&quot;,&quot;required&quot;:&quot;true&quot;,&quot;_id&quot;:&quot;62ac2cd&quot;,&quot;acceptance_text&quot;:null,&quot;rows&quot;:null,&quot;field_value&quot;:&quot;&quot;,&quot;recaptcha_badge&quot;:null,&quot;recaptcha_theme&quot;:null,&quot;recaptcha_size&quot;:null,&quot;checked_by_default&quot;:null,&quot;min_time&quot;:null,&quot;max_time&quot;:null,&quot;min_date&quot;:null,&quot;max_date&quot;:null,&quot;localization&quot;:null,&quot;min&quot;:null,&quot;max&quot;:null,&quot;field_options&quot;:null,&quot;inline_list&quot;:null,&quot;native_html5&quot;:null,&quot;multiple_selection&quot;:null,&quot;file_sizes&quot;:null,&quot;file_types&quot;:null,&quot;allow_multiple_upload&quot;:null,&quot;max_files&quot;:null,&quot;width&quot;:&quot;100&quot;,&quot;width_tablet&quot;:&quot;&quot;,&quot;width_mobile&quot;:&quot;&quot;}]}\" data-widget_type=\"raven-form.default\">\n\t\t\t\t<div class=\"elementor-widget-container\">\n\t\t\t\t\t<form class=\"raven-form raven-flex raven-flex-wrap raven-flex-bottom raven-hide-required-mark\" method=\"post\" name=\"New form\">\n\t\t\t<input type=\"hidden\" name=\"post_id\" value=\"24\" \/>\n\t\t\t<input type=\"hidden\" name=\"form_id\" value=\"ba92cf7\" \/>\n\t\t\t\t\t<div id=\"raven-field-group-62ac2cd\" class=\"raven-flex-wrap raven-field-type-email raven-field-group elementor-column elementor-col-100 raven-field-required\">\n\t\t\t\t\t<input\n\t\t\toninput=\"onInvalidRavenFormField(event)\"\n\t\t\toninvalid=\"onInvalidRavenFormField(event)\"\n\t\t\ttype=\"email\" name=\"fields[62ac2cd]\" id=\"form-field-62ac2cd\" class=\"raven-field\" placeholder=\"E-mail\" data-type=\"email\" required=\"required\">\n\t\t\t\t<\/div>\n\t\t\t\t\t<div class=\"raven-field-group raven-field-type-submit-button elementor-column elementor-col-100 justify\">\n\t\t\t\t<button type=\"submit\" class=\"raven-submit-button\">\n\t\t\t\t\t\t\t\t\t\t<span>Inscreva-se<\/span>\n\t\t\t\t<\/button>\n\t\t\t<\/div>\n\t\t<\/form>\n\n\t\t\t\t<\/div>\n\t\t\t\t<\/div>\n\t\t\t\t\t<\/div>\n\t\t<\/div>\n\t\t\t\t\t\t\t<\/div>\n\t\t<\/section>\n\t\t\t\t\t<\/div>\n\t\t<\/div>\n\t\t\t\t\t\t\t<\/div>\n\t\t<\/section>\n\t\t\t\t\t\t<\/div>\n\t\t\t\t\t<\/div>\n\t\t","protected":false},"excerpt":{"rendered":"<p>O que \u00e9 Doen\u00e7a de Alzheimer? Ins\u00f4nia: dicas para melhorar a qualidade do sono Doen\u00e7a de Alzheimer &#8211; Fatores de risco Inscreva-se Receba nossas novidades por e-mail. Inscreva-se<\/p>\n","protected":false},"author":1,"featured_media":0,"parent":0,"menu_order":0,"comment_status":"closed","ping_status":"closed","template":"","meta":{"footnotes":""},"class_list":["post-24","page","type-page","status-publish","hentry"],"_links":{"self":[{"href":"http:\/\/www.drandregeriatra.com.br\/index.php\/wp-json\/wp\/v2\/pages\/24","targetHints":{"allow":["GET"]}}],"collection":[{"href":"http:\/\/www.drandregeriatra.com.br\/index.php\/wp-json\/wp\/v2\/pages"}],"about":[{"href":"http:\/\/www.drandregeriatra.com.br\/index.php\/wp-json\/wp\/v2\/types\/page"}],"author":[{"embeddable":true,"href":"http:\/\/www.drandregeriatra.com.br\/index.php\/wp-json\/wp\/v2\/users\/1"}],"replies":[{"embeddable":true,"href":"http:\/\/www.drandregeriatra.com.br\/index.php\/wp-json\/wp\/v2\/comments?post=24"}],"version-history":[{"count":14,"href":"http:\/\/www.drandregeriatra.com.br\/index.php\/wp-json\/wp\/v2\/pages\/24\/revisions"}],"predecessor-version":[{"id":793,"href":"http:\/\/www.drandregeriatra.com.br\/index.php\/wp-json\/wp\/v2\/pages\/24\/revisions\/793"}],"wp:attachment":[{"href":"http:\/\/www.drandregeriatra.com.br\/index.php\/wp-json\/wp\/v2\/media?parent=24"}],"curies":[{"name":"wp","href":"https:\/\/api.w.org\/{rel}","templated":true}]}}