{"id":20,"date":"2019-08-17T16:45:15","date_gmt":"2019-08-17T16:45:15","guid":{"rendered":"https:\/\/jupiterx.artbees.net\/psychologist\/?page_id=20"},"modified":"2021-08-18T15:05:46","modified_gmt":"2021-08-18T18:05:46","slug":"services","status":"publish","type":"page","link":"http:\/\/www.drandregeriatra.com.br\/index.php\/services\/","title":{"rendered":"Especialidades"},"content":{"rendered":"\t\t<div data-elementor-type=\"wp-post\" data-elementor-id=\"20\" class=\"elementor elementor-20\" data-elementor-settings=\"[]\">\n\t\t\t\t\t\t\t<div class=\"elementor-section-wrap\">\n\t\t\t\t\t\t\t<section class=\"elementor-section elementor-top-section elementor-element elementor-element-61d29ac elementor-section-stretched elementor-section-boxed elementor-section-height-default elementor-section-height-default\" data-id=\"61d29ac\" data-element_type=\"section\" data-settings=\"{&quot;stretch_section&quot;:&quot;section-stretched&quot;}\">\n\t\t\t\t\t\t<div class=\"elementor-container elementor-column-gap-default\">\n\t\t\t\t\t<div class=\"elementor-column elementor-col-50 elementor-top-column elementor-element elementor-element-edfdd7b\" data-id=\"edfdd7b\" data-element_type=\"column\">\n\t\t\t<div class=\"elementor-widget-wrap elementor-element-populated\">\n\t\t\t\t\t\t\t\t<div class=\"elementor-element elementor-element-34795ba elementor-mobile-align-center elementor-align-left elementor-widget elementor-widget-raven-heading\" data-id=\"34795ba\" data-element_type=\"widget\" data-widget_type=\"raven-heading.default\">\n\t\t\t\t<div class=\"elementor-widget-container\">\n\t\t\t\t\t<div class=\"raven-widget-wrapper\"><h2 class=\"raven-heading raven-heading-h2\"><span class=\"raven-heading-title\">Qual \u00e9 a \u00e1rea de atua\u00e7\u00e3o do m\u00e9dico geriatra? <\/span><\/h2><\/div>\n\t\t\t\t<\/div>\n\t\t\t\t<\/div>\n\t\t\t\t<div class=\"elementor-element elementor-element-4e0eb9f elementor-widget elementor-widget-text-editor\" data-id=\"4e0eb9f\" data-element_type=\"widget\" data-widget_type=\"text-editor.default\">\n\t\t\t\t<div class=\"elementor-widget-container\">\n\t\t\t\t\t\t\t\t<p>O m\u00e9dico necessita de pelo menos 10 anos de estudos para se tornar especialista em Geriatria, sendo 6 anos de gradua\u00e7\u00e3o na faculdade de medicina, 2 anos de resid\u00eancia m\u00e9dica em Cl\u00ednica Geral e mais 2 anos de resid\u00eancia m\u00e9dica em Geriatria.<\/p><p>Durante essa forma\u00e7\u00e3o, o profissional passa por treinamento nas mais diversas \u00e1reas da medicina, como: cardiologia, endocrinologia, pneumologia, nefrologia, psiquiatria, neurologia, reumatologia, hematologia, dentre outras.<\/p><p>Dessa forma, se torna apto para tratamento de v\u00e1rias doen\u00e7as presentes no envelhecimento, como por exemplo: hipertens\u00e3o arterial, diabetes, dist\u00farbios do colesterol e triglic\u00e9rides, hipotireoidismo, osteoporose, anemia, osteoartrite, doen\u00e7a de Parkinson, Dem\u00eancia de Alzheimer e outras doen\u00e7as que afetam a mem\u00f3ria, depress\u00e3o, dentre outras.<\/p><p>Por esse motivo, o geriatra tem forma\u00e7\u00e3o e capacidade para cuidar do idoso de uma forma geral, desde a preven\u00e7\u00e3o at\u00e9 o tratamento das mais diversas doen\u00e7as que acometem essa faixa et\u00e1ria.<\/p>\t\t\t\t\t\t<\/div>\n\t\t\t\t<\/div>\n\t\t\t\t<div class=\"elementor-element elementor-element-e9dda74 elementor-mobile-align-center elementor-align-left elementor-widget elementor-widget-raven-heading\" data-id=\"e9dda74\" data-element_type=\"widget\" data-widget_type=\"raven-heading.default\">\n\t\t\t\t<div class=\"elementor-widget-container\">\n\t\t\t\t\t<div class=\"raven-widget-wrapper\"><h2 class=\"raven-heading raven-heading-h2\"><span class=\"raven-heading-title\">Quando devemos procurar um m\u00e9dico geriatra? <\/span><\/h2><\/div>\n\t\t\t\t<\/div>\n\t\t\t\t<\/div>\n\t\t\t\t<div class=\"elementor-element elementor-element-a7a6d5d elementor-widget elementor-widget-text-editor\" data-id=\"a7a6d5d\" data-element_type=\"widget\" data-widget_type=\"text-editor.default\">\n\t\t\t\t<div class=\"elementor-widget-container\">\n\t\t\t\t\t\t\t\t<p>Procurar atendimento com geriatra significa ter o seu m\u00e9dico e n\u00e3o um m\u00e9dico para cada \u00f3rg\u00e3o ou doen\u00e7a. Muitas vezes, os pacientes com m\u00faltiplas doen\u00e7as fazem acompanhamento com diversos m\u00e9dicos, um para cada doen\u00e7a. A consulta com geriatra abrange o tratamento e a preven\u00e7\u00e3o de diversas doen\u00e7as em uma \u00fanica especialidade.<\/p><p>A melhor maneira de envelhecer com sa\u00fade, independ\u00eancia e autonomia \u00e9 atrav\u00e9s da preven\u00e7\u00e3o das doen\u00e7as.<\/p><p>O ideal \u00e9 iniciar o atendimento com o geriatra o quanto antes, em geral \u00e0 partir dos 40 anos de idade.<\/p>\t\t\t\t\t\t<\/div>\n\t\t\t\t<\/div>\n\t\t\t\t\t<\/div>\n\t\t<\/div>\n\t\t\t\t<div class=\"elementor-column elementor-col-50 elementor-top-column elementor-element elementor-element-598831b\" data-id=\"598831b\" data-element_type=\"column\">\n\t\t\t<div class=\"elementor-widget-wrap elementor-element-populated\">\n\t\t\t\t\t\t\t\t<div class=\"elementor-element elementor-element-548f31a elementor-widget elementor-widget-image\" data-id=\"548f31a\" data-element_type=\"widget\" data-widget_type=\"image.default\">\n\t\t\t\t<div class=\"elementor-widget-container\">\n\t\t\t\t\t\t\t\t\t\t\t\t\t\t\t<img decoding=\"async\" src=\"http:\/\/www.drandregeriatra.com.br\/wp-content\/uploads\/elementor\/thumbs\/dr-andre-pbf8vs1zrne1ftxk28x2o2bsxkp2zd1rt2f68xzuws.jpg\" title=\"dr-andre\" alt=\"dr-andre\" \/>\t\t\t\t\t\t\t\t\t\t\t\t\t\t\t<\/div>\n\t\t\t\t<\/div>\n\t\t\t\t\t<\/div>\n\t\t<\/div>\n\t\t\t\t\t\t\t<\/div>\n\t\t<\/section>\n\t\t\t\t<section class=\"elementor-section elementor-top-section elementor-element elementor-element-53937d9 elementor-section-stretched elementor-section-height-min-height elementor-section-boxed elementor-section-height-default elementor-section-items-middle\" data-id=\"53937d9\" data-element_type=\"section\" data-settings=\"{&quot;stretch_section&quot;:&quot;section-stretched&quot;,&quot;background_background&quot;:&quot;classic&quot;}\">\n\t\t\t\t\t\t\t<div class=\"elementor-background-overlay\"><\/div>\n\t\t\t\t\t\t\t<div class=\"elementor-container elementor-column-gap-default\">\n\t\t\t\t\t<div class=\"elementor-column elementor-col-100 elementor-top-column elementor-element elementor-element-20a6b23\" data-id=\"20a6b23\" data-element_type=\"column\">\n\t\t\t<div class=\"elementor-widget-wrap elementor-element-populated\">\n\t\t\t\t\t\t\t\t<div class=\"elementor-element elementor-element-c404528 elementor-align-center elementor-widget elementor-widget-raven-heading\" data-id=\"c404528\" data-element_type=\"widget\" data-widget_type=\"raven-heading.default\">\n\t\t\t\t<div class=\"elementor-widget-container\">\n\t\t\t\t\t<div class=\"raven-widget-wrapper\"><h4 class=\"raven-heading raven-heading-h4\"><span class=\"raven-heading-title\">Agende sua consulta<\/span><\/h4><\/div>\n\t\t\t\t<\/div>\n\t\t\t\t<\/div>\n\t\t\t\t<div class=\"elementor-element elementor-element-7a77e97 elementor-widget elementor-widget-text-editor\" data-id=\"7a77e97\" data-element_type=\"widget\" data-widget_type=\"text-editor.default\">\n\t\t\t\t<div class=\"elementor-widget-container\">\n\t\t\t\t\t\t\t\t<p>Estamos aguardando seu contato<\/p>\t\t\t\t\t\t<\/div>\n\t\t\t\t<\/div>\n\t\t\t\t<div class=\"elementor-element elementor-element-6ed8a35 elementor-widget elementor-widget-spacer\" data-id=\"6ed8a35\" data-element_type=\"widget\" data-widget_type=\"spacer.default\">\n\t\t\t\t<div class=\"elementor-widget-container\">\n\t\t\t\t\t<div class=\"elementor-spacer\">\n\t\t\t<div class=\"elementor-spacer-inner\"><\/div>\n\t\t<\/div>\n\t\t\t\t<\/div>\n\t\t\t\t<\/div>\n\t\t\t\t<div class=\"elementor-element elementor-element-34fe175 elementor-align-center elementor-mobile-align-center elementor-widget elementor-widget-raven-button\" data-id=\"34fe175\" data-element_type=\"widget\" data-widget_type=\"raven-button.default\">\n\t\t\t\t<div class=\"elementor-widget-container\">\n\t\t\t\t\t<div class=\"raven-widget-wrapper\">\n\t\t\t<a class=\"raven-button raven-button-link\" href=\"http:\/\/www.drandregeriatra.com.br\/index.php\/consultas\/\">\n\t\t\t\t<span class=\"raven-button-content\">\n\t\t\t\t\t\t\t\t\t\t<span class=\"raven-button-text\">\n\t\t\t\t\t\tAgende sua consulta\t\t\t\t\t\t\t\t\t\t\t<\/span>\n\t\t\t\t<\/span>\n\t\t\t<\/a>\n\t\t<\/div>\n\t\t\t\t<\/div>\n\t\t\t\t<\/div>\n\t\t\t\t\t<\/div>\n\t\t<\/div>\n\t\t\t\t\t\t\t<\/div>\n\t\t<\/section>\n\t\t\t\t\t\t<\/div>\n\t\t\t\t\t<\/div>\n\t\t","protected":false},"excerpt":{"rendered":"<p>Qual \u00e9 a \u00e1rea de atua\u00e7\u00e3o do m\u00e9dico geriatra? O m\u00e9dico necessita de pelo menos 10 anos de estudos para se tornar especialista em Geriatria, sendo 6 anos de gradua\u00e7\u00e3o na faculdade de medicina, 2 anos de resid\u00eancia m\u00e9dica em Cl\u00ednica Geral e mais 2 anos de resid\u00eancia m\u00e9dica em Geriatria. Durante essa forma\u00e7\u00e3o, o [&hellip;]<\/p>\n","protected":false},"author":1,"featured_media":0,"parent":0,"menu_order":0,"comment_status":"closed","ping_status":"closed","template":"","meta":{"footnotes":""},"class_list":["post-20","page","type-page","status-publish","hentry"],"_links":{"self":[{"href":"http:\/\/www.drandregeriatra.com.br\/index.php\/wp-json\/wp\/v2\/pages\/20","targetHints":{"allow":["GET"]}}],"collection":[{"href":"http:\/\/www.drandregeriatra.com.br\/index.php\/wp-json\/wp\/v2\/pages"}],"about":[{"href":"http:\/\/www.drandregeriatra.com.br\/index.php\/wp-json\/wp\/v2\/types\/page"}],"author":[{"embeddable":true,"href":"http:\/\/www.drandregeriatra.com.br\/index.php\/wp-json\/wp\/v2\/users\/1"}],"replies":[{"embeddable":true,"href":"http:\/\/www.drandregeriatra.com.br\/index.php\/wp-json\/wp\/v2\/comments?post=20"}],"version-history":[{"count":12,"href":"http:\/\/www.drandregeriatra.com.br\/index.php\/wp-json\/wp\/v2\/pages\/20\/revisions"}],"predecessor-version":[{"id":847,"href":"http:\/\/www.drandregeriatra.com.br\/index.php\/wp-json\/wp\/v2\/pages\/20\/revisions\/847"}],"wp:attachment":[{"href":"http:\/\/www.drandregeriatra.com.br\/index.php\/wp-json\/wp\/v2\/media?parent=20"}],"curies":[{"name":"wp","href":"https:\/\/api.w.org\/{rel}","templated":true}]}}