{"id":16,"date":"2019-08-17T16:44:59","date_gmt":"2019-08-17T16:44:59","guid":{"rendered":"https:\/\/jupiterx.artbees.net\/psychologist\/?page_id=16"},"modified":"2021-08-27T14:19:18","modified_gmt":"2021-08-27T17:19:18","slug":"about-me","status":"publish","type":"page","link":"http:\/\/www.drandregeriatra.com.br\/index.php\/about-me\/","title":{"rendered":"Dr. Andr\u00e9 Riccetto"},"content":{"rendered":"\t\t<div data-elementor-type=\"wp-post\" data-elementor-id=\"16\" class=\"elementor elementor-16\" data-elementor-settings=\"[]\">\n\t\t\t\t\t\t\t<div class=\"elementor-section-wrap\">\n\t\t\t\t\t\t\t<section class=\"elementor-section elementor-top-section elementor-element elementor-element-056f982 elementor-section-stretched elementor-section-boxed elementor-section-height-default elementor-section-height-default\" data-id=\"056f982\" data-element_type=\"section\" data-settings=\"{&quot;stretch_section&quot;:&quot;section-stretched&quot;}\">\n\t\t\t\t\t\t<div class=\"elementor-container elementor-column-gap-default\">\n\t\t\t\t\t<div class=\"elementor-column elementor-col-100 elementor-top-column elementor-element elementor-element-2298dce\" data-id=\"2298dce\" data-element_type=\"column\">\n\t\t\t<div class=\"elementor-widget-wrap elementor-element-populated\">\n\t\t\t\t\t\t\t\t<div class=\"elementor-element elementor-element-20864ad elementor-widget elementor-widget-image\" data-id=\"20864ad\" data-element_type=\"widget\" data-widget_type=\"image.default\">\n\t\t\t\t<div class=\"elementor-widget-container\">\n\t\t\t\t\t\t\t\t\t\t\t\t\t\t\t<img loading=\"lazy\" decoding=\"async\" width=\"1352\" height=\"800\" src=\"http:\/\/www.drandregeriatra.com.br\/wp-content\/uploads\/2021\/08\/foto-consultorio.jpg\" class=\"attachment-full size-full\" alt=\"\" srcset=\"http:\/\/www.drandregeriatra.com.br\/wp-content\/uploads\/2021\/08\/foto-consultorio.jpg 1352w, http:\/\/www.drandregeriatra.com.br\/wp-content\/uploads\/2021\/08\/foto-consultorio-300x178.jpg 300w, http:\/\/www.drandregeriatra.com.br\/wp-content\/uploads\/2021\/08\/foto-consultorio-1024x606.jpg 1024w, http:\/\/www.drandregeriatra.com.br\/wp-content\/uploads\/2021\/08\/foto-consultorio-768x454.jpg 768w\" sizes=\"auto, (max-width: 1352px) 100vw, 1352px\" \/>\t\t\t\t\t\t\t\t\t\t\t\t\t\t\t<\/div>\n\t\t\t\t<\/div>\n\t\t\t\t<div class=\"elementor-element elementor-element-5220a3c elementor-mobile-align-center elementor-align-left elementor-widget elementor-widget-raven-heading\" data-id=\"5220a3c\" data-element_type=\"widget\" data-widget_type=\"raven-heading.default\">\n\t\t\t\t<div class=\"elementor-widget-container\">\n\t\t\t\t\t<div class=\"raven-widget-wrapper\"><h2 class=\"raven-heading raven-heading-h2\"><span class=\"raven-heading-title\">Dr. Andr\u00e9 Lu\u00eds Riccetto Ai\u00e9lo<\/span><\/h2><\/div>\n\t\t\t\t<\/div>\n\t\t\t\t<\/div>\n\t\t\t\t<div class=\"elementor-element elementor-element-505a6bf elementor-mobile-align-center elementor-align-left elementor-widget elementor-widget-raven-heading\" data-id=\"505a6bf\" data-element_type=\"widget\" data-widget_type=\"raven-heading.default\">\n\t\t\t\t<div class=\"elementor-widget-container\">\n\t\t\t\t\t<div class=\"raven-widget-wrapper\"><h2 class=\"raven-heading raven-heading-h2\"><span class=\"raven-heading-title\">CRM 145829<\/span><\/h2><\/div>\n\t\t\t\t<\/div>\n\t\t\t\t<\/div>\n\t\t\t\t<div class=\"elementor-element elementor-element-4f83fbd elementor-widget elementor-widget-text-editor\" data-id=\"4f83fbd\" data-element_type=\"widget\" data-widget_type=\"text-editor.default\">\n\t\t\t\t<div class=\"elementor-widget-container\">\n\t\t\t\t\t\t\t\t<p>T\u00edtulo de Especialista em Geriatria pela Sociedade Brasileira de Geriatria e Gerontologia e Associa\u00e7\u00e3o M\u00e9dica Brasileira (AMB)<\/p><p>Membro da Sociedade Brasileira de Geriatria e Gerontologia (SBGG)<\/p><p>T\u00edtulo de Especialista em Cl\u00ednica Geral pela Associa\u00e7\u00e3o M\u00e9dica Brasileira (AMB)<\/p><p>M\u00e9dico Coordenador da Clinivita+<\/p><p>M\u00e9dico Coordenador da Geriatria no Lar Nossa Senhora das Gra\u00e7as<\/p>\t\t\t\t\t\t<\/div>\n\t\t\t\t<\/div>\n\t\t\t\t\t<\/div>\n\t\t<\/div>\n\t\t\t\t\t\t\t<\/div>\n\t\t<\/section>\n\t\t\t\t\t\t<\/div>\n\t\t\t\t\t<\/div>\n\t\t","protected":false},"excerpt":{"rendered":"<p>Dr. Andr\u00e9 Lu\u00eds Riccetto Ai\u00e9lo CRM 145829 T\u00edtulo de Especialista em Geriatria pela Sociedade Brasileira de Geriatria e Gerontologia e Associa\u00e7\u00e3o M\u00e9dica Brasileira (AMB) Membro da Sociedade Brasileira de Geriatria e Gerontologia (SBGG) T\u00edtulo de Especialista em Cl\u00ednica Geral pela Associa\u00e7\u00e3o M\u00e9dica Brasileira (AMB) M\u00e9dico Coordenador da Clinivita+ M\u00e9dico Coordenador da Geriatria no Lar Nossa [&hellip;]<\/p>\n","protected":false},"author":1,"featured_media":0,"parent":0,"menu_order":0,"comment_status":"closed","ping_status":"closed","template":"","meta":{"footnotes":""},"class_list":["post-16","page","type-page","status-publish","hentry"],"_links":{"self":[{"href":"http:\/\/www.drandregeriatra.com.br\/index.php\/wp-json\/wp\/v2\/pages\/16","targetHints":{"allow":["GET"]}}],"collection":[{"href":"http:\/\/www.drandregeriatra.com.br\/index.php\/wp-json\/wp\/v2\/pages"}],"about":[{"href":"http:\/\/www.drandregeriatra.com.br\/index.php\/wp-json\/wp\/v2\/types\/page"}],"author":[{"embeddable":true,"href":"http:\/\/www.drandregeriatra.com.br\/index.php\/wp-json\/wp\/v2\/users\/1"}],"replies":[{"embeddable":true,"href":"http:\/\/www.drandregeriatra.com.br\/index.php\/wp-json\/wp\/v2\/comments?post=16"}],"version-history":[{"count":15,"href":"http:\/\/www.drandregeriatra.com.br\/index.php\/wp-json\/wp\/v2\/pages\/16\/revisions"}],"predecessor-version":[{"id":910,"href":"http:\/\/www.drandregeriatra.com.br\/index.php\/wp-json\/wp\/v2\/pages\/16\/revisions\/910"}],"wp:attachment":[{"href":"http:\/\/www.drandregeriatra.com.br\/index.php\/wp-json\/wp\/v2\/media?parent=16"}],"curies":[{"name":"wp","href":"https:\/\/api.w.org\/{rel}","templated":true}]}}